{"id":5563,"date":"2017-08-08T10:07:59","date_gmt":"2017-08-08T10:07:59","guid":{"rendered":"https:\/\/pofo.themezaa.com\/?page_id=5563"},"modified":"2022-07-20T17:30:39","modified_gmt":"2022-07-20T22:30:39","slug":"about-me","status":"publish","type":"page","link":"https:\/\/hernando.carrizosa.co\/?page_id=5563","title":{"rendered":"Acerca de mi"},"content":{"rendered":"<div class=\"wpb-content-wrapper\"><section data-vc-full-width=\"true\" data-vc-full-width-init=\"false\" data-vc-stretch-content=\"true\" data-parallax-background-ratio=\"0.5\" class=\"vc_row wpb_row vc_row-fluid  vc_custom_1647299762290 vc_row-has-fill pofo-stretch-content vc_row-no-padding vc_row-o-content-middle vc_row-flex parallax pofo-row-responsive-69f895947bb96\"><div class=\"wpb_column vc_column_container vc_col-has-fill vc_col-lg-5 vc_col-md-5 vc_hidden-sm col-xs-mobile-fullwidth\"><div class=\"vc_column-inner vc_custom_1647299944434\"><div class=\"wpb_wrapper\"><div class=\"vc_row wpb_row vc_inner vc_row-fluid box-shadow-light vc_custom_1509774539727 pofo-inner-row-responsive-69f895947bc04\"><div class=\"wpb_column vc_column_container vc_col-sm-12  col-xs-mobile-fullwidth\"><div class=\"vc_column-inner \"><div class=\"wpb_wrapper\"><div class=\"last-paragraph-no-margin\"><div class=\"fa fa-quote-left text-deep-pink icon-large margin-15px-bottom\"><\/div>\n<\/div><h5 class=\"text-extra-dark-gray margin-20px-bottom font-weight-600 display-inline-block alt-font heading-style2  vc_custom_1650914814913 pofo-button-responsive-69f895947bc85  heading-1\"  style=\"font-weight: 500;\">'Llegue a la luz entre el calor y el rio mecido por el rumor de Yuma, el viento c\u00e1lido que refrescaba las piedras ardientes de Rio Recio, bajo los amplios aleros sostenidos por columnas verdes y frentes sombreadas por almendros.'<\/h5><\/div><\/div><\/div><\/div><\/div><\/div><\/div><div class=\"wpb_column vc_column_container vc_col-sm-12 vc_col-lg-7 vc_col-md-7 col-xs-mobile-fullwidth\"><div class=\"vc_column-inner \"><div class=\"wpb_wrapper\"><\/div><\/div><\/div><\/section><div class=\"vc_row-full-width vc_clearfix\"><\/div><section data-vc-full-width=\"true\" data-vc-full-width-init=\"false\" class=\"vc_row wpb_row vc_row-fluid   wow fadeIn pofo-stretch-content pofo-stretch-row-container\"><div class=\"wpb_column vc_column_container  col-xs-mobile-fullwidth\"><div class=\"vc_column-inner \"><div class=\"wpb_wrapper\"><div class=\" vc_custom_1650915548405 last-paragraph-no-margin\"><h3>Breve Autobiograf\u00eda<\/h3>\n<\/div><div class=\" vc_custom_1650915582381 last-paragraph-no-margin\"><p>Llegue a la luz entre el calor y el rio mecido por el rumor de Yuma, el viento c\u00e1lido que refrescaba las piedras ardientes de Rio Recio, bajo los amplios aleros sostenidos por columnas verdes y frentes sombreadas por almendros. Gestado y favorecido por un so\u00f1ador constructor de abrigo, por una ternura amble de sonrisa tolerante y el fraternal apoyo de una hermandad solidaria.<\/p>\n<p>Al comienzo todo era claridad, del azul transparente, el verde fresco y la vida sencilla; luego el entorno se torna algo difuso, confuso, incierto y a veces ca\u00f3tico, pero siempre, consciente o inconsciente, en voluntad de afirmaci\u00f3n. Sin un estricto orden cronol\u00f3gico y simultaneo a la vivencia personal de compartir la intimidad y la alegr\u00eda de ser padre, una realidad paralela y ha estado presente junto a la experiencia. El gusto por la representaci\u00f3n. Esta intuici\u00f3n siempre despert\u00f3 y profundizo el gusto placentero por la imagen, la escuela, el trazo, el dibujo, la mancha y la pr\u00e1ctica de varias t\u00e9cnicas afianzaron la opci\u00f3n gr\u00e1fica y el discurso visual de la experiencia vital, generando idea, conceptos textos y montajes (La mayor parte no registrados) que fueron configurando la idea de un espacio ficticio y transicional nombrado Thlon espacio para la imaginaci\u00f3n. Concepto que ha permitido proponer y realizar experiencias visuales con participaci\u00f3n de pintura, sonido, texto, danza y teatro.<\/p>\n<\/div><\/div><\/div><\/div><\/section><div class=\"vc_row-full-width vc_clearfix\"><\/div><section class=\"vc_row wpb_row vc_row-fluid   wow fadeIn\"><div class=\"wpb_column vc_column_container vc_col-sm-1 vc_col-lg-3 vc_col-md-2 vc_hidden-xs col-xs-mobile-fullwidth\"><div class=\"vc_column-inner \"><div class=\"wpb_wrapper\"><\/div><\/div><\/div><div class=\"wpb_column vc_column_container vc_col-sm-10 vc_col-lg-12 vc_col-md-12 vc_col-xs-12 text-center\"><div class=\"vc_column-inner \"><div class=\"wpb_wrapper\"><span class=\"margin-100px-bottom xs-margin-40px-bottom font-weight-600 display-inline-block alt-font text-extra-small text-outside-line heading-style5  heading-2\"  style=\"font-size: 2em;;\" data-fontsize=\"2em;\">THLON. Espacio para la Imaginaci\u00f3n<\/span>[vc_empty_space height=&#8221;20px&#8221;]<div class=\"last-paragraph-no-margin\"><div class=\"last-paragraph-no-margin\">\n<p>Es una invenci\u00f3n creada por el artista Hernando Carrizosa como pretexto para motivar actitudes, experiencias y exposiciones tem\u00e1ticas integrales dentro del campo art\u00edstico. El vocablo Thlon traduce realidad paralela a la cotidianidad o sea esos momentos o estados de plenitud, libertad y fantas\u00eda que a veces nos concede la constante condici\u00f3n de sobrevivencia.<\/p>\n<p>El principio esencial de esta creaci\u00f3n es ser un punto de referencia, un estado transicional de percepci\u00f3n y apreciaci\u00f3n donde el asistente disfrute de su reflexi\u00f3n particular. En este sentido esta propuesta es m\u00e1s una celebraci\u00f3n de existencia que una definici\u00f3n; \u00e9sta muestra hace parte de esta apreciaci\u00f3n art\u00edstica.<\/p>\n<\/div>\n<\/div><\/div><\/div><\/div><div class=\"wpb_column vc_column_container vc_col-sm-1 vc_col-lg-3 vc_col-md-2 vc_hidden-xs col-xs-mobile-fullwidth\"><div class=\"vc_column-inner \"><div class=\"wpb_wrapper\"><\/div><\/div><\/div><\/section>\n<\/div>","protected":false},"excerpt":{"rendered":"'Llegue a la luz entre el calor y el rio mecido por el rumor de Yuma, el viento c\u00e1lido que refrescaba las piedras ardientes de Rio Recio, bajo los amplios aleros sostenidos por columnas verdes y frentes sombreadas por almendros.'Breve Autobiograf\u00eda Llegue a la luz entre el calor y el rio mecido por el rumor de Yuma, el viento c\u00e1lido que refrescaba las piedras ardientes de Rio Recio, bajo los amplios aleros sostenidos por columnas verdes y frentes sombreadas por almendros. Gestado y favorecido por un so\u00f1ador constructor de abrigo, por una ternura amble de sonrisa tolerante y el fraternal apoyo de una hermandad solidaria. Al comienzo todo era claridad, del azul transparente, el verde fresco y la vida sencilla; luego el entorno se torna algo difuso, confuso, incierto y a veces ca\u00f3tico, pero siempre, consciente o inconsciente, en voluntad de afirmaci\u00f3n. Sin un estricto orden cronol\u00f3gico y simultaneo a la vivencia personal de compartir la intimidad y la alegr\u00eda de ser padre, una realidad paralela y ha estado presente junto a la experiencia. El gusto por la representaci\u00f3n. Esta intuici\u00f3n siempre despert\u00f3 y profundizo el gusto placentero por la imagen, la escuela, el trazo, el dibujo, la mancha y...","protected":false},"author":1,"featured_media":0,"parent":0,"menu_order":0,"comment_status":"closed","ping_status":"closed","template":"","meta":{"footnotes":""},"class_list":["post-5563","page","type-page","status-publish","hentry"],"jetpack_sharing_enabled":true,"_links":{"self":[{"href":"https:\/\/hernando.carrizosa.co\/index.php?rest_route=\/wp\/v2\/pages\/5563","targetHints":{"allow":["GET"]}}],"collection":[{"href":"https:\/\/hernando.carrizosa.co\/index.php?rest_route=\/wp\/v2\/pages"}],"about":[{"href":"https:\/\/hernando.carrizosa.co\/index.php?rest_route=\/wp\/v2\/types\/page"}],"author":[{"embeddable":true,"href":"https:\/\/hernando.carrizosa.co\/index.php?rest_route=\/wp\/v2\/users\/1"}],"replies":[{"embeddable":true,"href":"https:\/\/hernando.carrizosa.co\/index.php?rest_route=%2Fwp%2Fv2%2Fcomments&post=5563"}],"version-history":[{"count":5,"href":"https:\/\/hernando.carrizosa.co\/index.php?rest_route=\/wp\/v2\/pages\/5563\/revisions"}],"predecessor-version":[{"id":23541,"href":"https:\/\/hernando.carrizosa.co\/index.php?rest_route=\/wp\/v2\/pages\/5563\/revisions\/23541"}],"wp:attachment":[{"href":"https:\/\/hernando.carrizosa.co\/index.php?rest_route=%2Fwp%2Fv2%2Fmedia&parent=5563"}],"curies":[{"name":"wp","href":"https:\/\/api.w.org\/{rel}","templated":true}]}}