{"id":5637,"date":"2017-08-08T10:24:50","date_gmt":"2017-08-08T10:24:50","guid":{"rendered":"https:\/\/pofo.themezaa.com\/?page_id=5637"},"modified":"2017-08-08T10:24:50","modified_gmt":"2017-08-08T10:24:50","slug":"portfolio-masonry-overlay","status":"publish","type":"page","link":"https:\/\/hernando.carrizosa.co\/?page_id=5637","title":{"rendered":"Portfolio masonry overlay"},"content":{"rendered":"<div class=\"wpb-content-wrapper\"><section data-vc-full-width=\"true\" data-vc-full-width-init=\"false\" data-vc-stretch-content=\"true\" class=\"vc_row wpb_row vc_row-fluid  vc_custom_1507625640469 pofo-stretch-content vc_row-no-padding pofo-row-responsive-69f8959379947\"><div class=\"wpb_column vc_column_container  col-xs-mobile-fullwidth pofo-column-responsive-69f8959379986\"><div class=\"vc_column-inner vc_custom_1507625687529\"><div class=\"wpb_wrapper\"><ul id=\"pofo-portfolio-1\" class=\"portfolio-filter nav nav-tabs border-none portfolio-filter-tab-1 font-weight-600 alt-font text-uppercase text-center text-small filter-style-1 pofo_portfolio_filter_1503403422-2-49\"><li class=\"nav active \"><a href=\"#\" data-filter=\"*\" data-id=\"pofo-portfolio-1\" class=\"xs-display-inline light-gray-text-link text-very-small dynamic-font-size\">All<\/a><\/li><li class=\"nav\"><a href=\"#\" data-id=\"pofo-portfolio-1\" data-filter=\".portfolio-filter-34-pofo-portfolio-1\" class=\"xs-display-inline light-gray-text-link text-very-small dynamic-font-size\">Category 2<\/a><\/li><li class=\"nav\"><a href=\"#\" data-id=\"pofo-portfolio-1\" data-filter=\".portfolio-filter-35-pofo-portfolio-1\" class=\"xs-display-inline light-gray-text-link text-very-small dynamic-font-size\">Category 3<\/a><\/li><li class=\"nav\"><a href=\"#\" data-id=\"pofo-portfolio-1\" data-filter=\".portfolio-filter-36-pofo-portfolio-1\" class=\"xs-display-inline light-gray-text-link text-very-small dynamic-font-size\">Category 4<\/a><\/li><li class=\"nav\"><a href=\"#\" data-id=\"pofo-portfolio-1\" data-filter=\".portfolio-filter-37-pofo-portfolio-1\" class=\"xs-display-inline light-gray-text-link text-very-small dynamic-font-size\">Category 1<\/a><\/li><\/ul><\/div><\/div><\/div><div class=\"wpb_column vc_column_container vc_col-sm-12  col-xs-mobile-fullwidth pofo-column-responsive-69f8959379bdb\"><div class=\"vc_column-inner \"><div class=\"wpb_wrapper\"><ul class=\"portfolio-grid hover-option2 work-4col gutter-medium portfolio-style-2 pofo-portfolio-1\" data-uniqueid=\"pofo-portfolio-1\"><li class=\"grid-sizer\"><\/li><li class=\"grid-item portfolio-filter-37-pofo-portfolio-1  wow fadeInUp\"><div class=\"pofo-rich-snippet display-none post-10687 portfolio type-portfolio status-publish format-standard has-post-thumbnail hentry portfolio-category-category-1 portfolio-tags-test-tag-1\"><div class=\"pofo-rich-snippet display-none\"><span class=\"entry-title\">Solaris<\/span><span class=\"author vcard\"><a class=\"url fn n\" href=\"https:\/\/hernando.carrizosa.co\/?author=1\">Admin<\/a><\/span><span class=\"published\">septiembre 8, 2017<\/span><time class=\"updated\" datetime=\"2022-07-20T17:29:34-05:00\">julio 20, 2022<\/time><\/div><\/div><a href=\"https:\/\/hernando.carrizosa.co\/?portfolio=solaris\" target=\"_self\"><figure><div class=\"portfolio-img bg-deep-pink pofo-portfolio-page-background\"><img loading=\"lazy\" decoding=\"async\" class=\"skip-lazy\" src=\"https:\/\/i0.wp.com\/hernando.carrizosa.co\/wp-content\/uploads\/2017\/09\/SLR024-800x650-1.jpg?fit=800%2C650&#038;ssl=1\" width=\"800\" height=\"650\" alt=\"\" srcset=\"https:\/\/i0.wp.com\/hernando.carrizosa.co\/wp-content\/uploads\/2017\/09\/SLR024-800x650-1.jpg?w=800&amp;ssl=1 800w, https:\/\/i0.wp.com\/hernando.carrizosa.co\/wp-content\/uploads\/2017\/09\/SLR024-800x650-1.jpg?resize=300%2C244&amp;ssl=1 300w, https:\/\/i0.wp.com\/hernando.carrizosa.co\/wp-content\/uploads\/2017\/09\/SLR024-800x650-1.jpg?resize=768%2C624&amp;ssl=1 768w, https:\/\/i0.wp.com\/hernando.carrizosa.co\/wp-content\/uploads\/2017\/09\/SLR024-800x650-1.jpg?resize=120%2C98&amp;ssl=1 120w, https:\/\/i0.wp.com\/hernando.carrizosa.co\/wp-content\/uploads\/2017\/09\/SLR024-800x650-1.jpg?resize=81%2C66&amp;ssl=1 81w, https:\/\/i0.wp.com\/hernando.carrizosa.co\/wp-content\/uploads\/2017\/09\/SLR024-800x650-1.jpg?resize=600%2C488&amp;ssl=1 600w\" sizes=\"auto, (max-width: 800px) 100vw, 800px\"><\/div><figcaption><div class=\"text-left portfolio-hover-main\"><div class=\"vertical-align-bottom portfolio-hover-box\"><div class=\"portfolio-hover-content position-relative\"><div class=\"bg-black margin-20px-bottom separator-line-horrizontal-medium-light2 display-inline-block\"><\/div><span class=\"text-white line-height-normal alt-font margin-one-half-bottom display-block font-weight-600 text-uppercase\">Solaris<\/span><p class=\"text-white text-extra-small no-margin-bottom text-uppercase\">Paintings Hernando Carrizosa<\/p><\/div><\/div><\/div><\/figcaption><\/figure><\/a><\/li><li class=\"grid-item portfolio-filter-37-pofo-portfolio-1 portfolio-filter-38-pofo-portfolio-1  wow fadeInUp\" data-wow-delay=\"100ms\"><div class=\"pofo-rich-snippet display-none post-10907 portfolio type-portfolio status-publish format-standard has-post-thumbnail hentry portfolio-category-category-1 portfolio-category-category-18 portfolio-tags-test-tag-2\"><div class=\"pofo-rich-snippet display-none\"><span class=\"entry-title\">Arkhan Thinam<\/span><span class=\"author vcard\"><a class=\"url fn n\" href=\"https:\/\/hernando.carrizosa.co\/?author=1\">Admin<\/a><\/span><span class=\"published\">septiembre 8, 2017<\/span><time class=\"updated\" datetime=\"2022-05-03T12:43:37-05:00\">mayo 3, 2022<\/time><\/div><\/div><a href=\"https:\/\/hernando.carrizosa.co\/?portfolio=arkhanthinam\" target=\"_self\"><figure><div class=\"portfolio-img bg-deep-pink pofo-portfolio-page-background\"><img loading=\"lazy\" decoding=\"async\" class=\"skip-lazy\" src=\"https:\/\/i0.wp.com\/hernando.carrizosa.co\/wp-content\/uploads\/2017\/09\/ARK017_800x650.jpg?fit=800%2C650&#038;ssl=1\" width=\"800\" height=\"650\" alt=\"\" srcset=\"https:\/\/i0.wp.com\/hernando.carrizosa.co\/wp-content\/uploads\/2017\/09\/ARK017_800x650.jpg?w=800&amp;ssl=1 800w, https:\/\/i0.wp.com\/hernando.carrizosa.co\/wp-content\/uploads\/2017\/09\/ARK017_800x650.jpg?resize=300%2C244&amp;ssl=1 300w, https:\/\/i0.wp.com\/hernando.carrizosa.co\/wp-content\/uploads\/2017\/09\/ARK017_800x650.jpg?resize=768%2C624&amp;ssl=1 768w, https:\/\/i0.wp.com\/hernando.carrizosa.co\/wp-content\/uploads\/2017\/09\/ARK017_800x650.jpg?resize=120%2C98&amp;ssl=1 120w, https:\/\/i0.wp.com\/hernando.carrizosa.co\/wp-content\/uploads\/2017\/09\/ARK017_800x650.jpg?resize=81%2C66&amp;ssl=1 81w, https:\/\/i0.wp.com\/hernando.carrizosa.co\/wp-content\/uploads\/2017\/09\/ARK017_800x650.jpg?resize=600%2C488&amp;ssl=1 600w\" sizes=\"auto, (max-width: 800px) 100vw, 800px\"><\/div><figcaption><div class=\"text-left portfolio-hover-main\"><div class=\"vertical-align-bottom portfolio-hover-box\"><div class=\"portfolio-hover-content position-relative\"><div class=\"bg-black margin-20px-bottom separator-line-horrizontal-medium-light2 display-inline-block\"><\/div><span class=\"text-white line-height-normal alt-font margin-one-half-bottom display-block font-weight-600 text-uppercase\">Arkhan Thinam<\/span><p class=\"text-white text-extra-small no-margin-bottom text-uppercase\">La piedra Viva<\/p><\/div><\/div><\/div><\/figcaption><\/figure><\/a><\/li><li class=\"grid-item portfolio-filter-37-pofo-portfolio-1  wow fadeInUp\" data-wow-delay=\"200ms\"><div class=\"pofo-rich-snippet display-none post-23251 portfolio type-portfolio status-publish format-standard has-post-thumbnail hentry portfolio-category-category-1 portfolio-tags-test-tag-1\"><div class=\"pofo-rich-snippet display-none\"><span class=\"entry-title\">Splinth<\/span><span class=\"author vcard\"><a class=\"url fn n\" href=\"https:\/\/hernando.carrizosa.co\/?author=1\">Admin<\/a><\/span><span class=\"published\">abril 29, 2022<\/span><time class=\"updated\" datetime=\"2022-04-29T14:08:44-05:00\">abril 29, 2022<\/time><\/div><\/div><a href=\"https:\/\/hernando.carrizosa.co\/?portfolio=splinth\" target=\"_self\"><figure><div class=\"portfolio-img bg-deep-pink pofo-portfolio-page-background\"><img loading=\"lazy\" decoding=\"async\" class=\"skip-lazy\" src=\"https:\/\/i0.wp.com\/hernando.carrizosa.co\/wp-content\/uploads\/2017\/09\/FLS007-800x650-1.jpg?fit=800%2C650&#038;ssl=1\" width=\"800\" height=\"650\" alt=\"\" srcset=\"https:\/\/i0.wp.com\/hernando.carrizosa.co\/wp-content\/uploads\/2017\/09\/FLS007-800x650-1.jpg?w=800&amp;ssl=1 800w, https:\/\/i0.wp.com\/hernando.carrizosa.co\/wp-content\/uploads\/2017\/09\/FLS007-800x650-1.jpg?resize=300%2C244&amp;ssl=1 300w, https:\/\/i0.wp.com\/hernando.carrizosa.co\/wp-content\/uploads\/2017\/09\/FLS007-800x650-1.jpg?resize=768%2C624&amp;ssl=1 768w, https:\/\/i0.wp.com\/hernando.carrizosa.co\/wp-content\/uploads\/2017\/09\/FLS007-800x650-1.jpg?resize=120%2C98&amp;ssl=1 120w, https:\/\/i0.wp.com\/hernando.carrizosa.co\/wp-content\/uploads\/2017\/09\/FLS007-800x650-1.jpg?resize=81%2C66&amp;ssl=1 81w, https:\/\/i0.wp.com\/hernando.carrizosa.co\/wp-content\/uploads\/2017\/09\/FLS007-800x650-1.jpg?resize=600%2C488&amp;ssl=1 600w\" sizes=\"auto, (max-width: 800px) 100vw, 800px\"><\/div><figcaption><div class=\"text-left portfolio-hover-main\"><div class=\"vertical-align-bottom portfolio-hover-box\"><div class=\"portfolio-hover-content position-relative\"><div class=\"bg-black margin-20px-bottom separator-line-horrizontal-medium-light2 display-inline-block\"><\/div><span class=\"text-white line-height-normal alt-font margin-one-half-bottom display-block font-weight-600 text-uppercase\">Splinth<\/span><\/div><\/div><\/div><\/figcaption><\/figure><\/a><\/li><li class=\"grid-item portfolio-filter-37-pofo-portfolio-1  wow fadeInUp\" data-wow-delay=\"300ms\"><div class=\"pofo-rich-snippet display-none post-23393 portfolio type-portfolio status-publish format-standard has-post-thumbnail hentry portfolio-category-category-1 portfolio-tags-art portfolio-tags-arte portfolio-tags-avenida-profilactica portfolio-tags-ciudad portfolio-tags-gestualidad portfolio-tags-hernando-carrizosa portfolio-tags-paintings portfolio-tags-pinturas\"><div class=\"pofo-rich-snippet display-none\"><span class=\"entry-title\">Avenida Profil\u00e1ctica<\/span><span class=\"author vcard\"><a class=\"url fn n\" href=\"https:\/\/hernando.carrizosa.co\/?author=1\">Admin<\/a><\/span><span class=\"published\">mayo 3, 2022<\/span><time class=\"updated\" datetime=\"2022-05-04T15:44:50-05:00\">mayo 4, 2022<\/time><\/div><\/div><a href=\"https:\/\/hernando.carrizosa.co\/?portfolio=avenida-profilactica\" target=\"_self\"><figure><div class=\"portfolio-img bg-deep-pink pofo-portfolio-page-background\"><img loading=\"lazy\" decoding=\"async\" class=\"skip-lazy\" src=\"https:\/\/i0.wp.com\/hernando.carrizosa.co\/wp-content\/uploads\/2022\/05\/AV-Profilactica_square.webp?fit=800%2C650&#038;ssl=1\" width=\"800\" height=\"650\" alt=\"\" srcset=\"https:\/\/i0.wp.com\/hernando.carrizosa.co\/wp-content\/uploads\/2022\/05\/AV-Profilactica_square.webp?w=800&amp;ssl=1 800w, https:\/\/i0.wp.com\/hernando.carrizosa.co\/wp-content\/uploads\/2022\/05\/AV-Profilactica_square.webp?resize=300%2C244&amp;ssl=1 300w, https:\/\/i0.wp.com\/hernando.carrizosa.co\/wp-content\/uploads\/2022\/05\/AV-Profilactica_square.webp?resize=768%2C624&amp;ssl=1 768w, https:\/\/i0.wp.com\/hernando.carrizosa.co\/wp-content\/uploads\/2022\/05\/AV-Profilactica_square.webp?resize=120%2C98&amp;ssl=1 120w, https:\/\/i0.wp.com\/hernando.carrizosa.co\/wp-content\/uploads\/2022\/05\/AV-Profilactica_square.webp?resize=81%2C66&amp;ssl=1 81w\" sizes=\"auto, (max-width: 800px) 100vw, 800px\"><\/div><figcaption><div class=\"text-left portfolio-hover-main\"><div class=\"vertical-align-bottom portfolio-hover-box\"><div class=\"portfolio-hover-content position-relative\"><div class=\"bg-black margin-20px-bottom separator-line-horrizontal-medium-light2 display-inline-block\"><\/div><span class=\"text-white line-height-normal alt-font margin-one-half-bottom display-block font-weight-600 text-uppercase\">Avenida Profil\u00e1ctica<\/span><\/div><\/div><\/div><\/figcaption><\/figure><\/a><\/li><li class=\"grid-item portfolio-filter-37-pofo-portfolio-1  wow fadeInUp\" data-wow-delay=\"400ms\"><div class=\"pofo-rich-snippet display-none post-23454 portfolio type-portfolio status-publish format-standard has-post-thumbnail hentry portfolio-category-category-1 portfolio-tags-art portfolio-tags-arte portfolio-tags-avenida-profilactica portfolio-tags-ciudad portfolio-tags-gestualidad portfolio-tags-hernando-carrizosa portfolio-tags-paintings portfolio-tags-pinturas\"><div class=\"pofo-rich-snippet display-none\"><span class=\"entry-title\">Bodegones<\/span><span class=\"author vcard\"><a class=\"url fn n\" href=\"https:\/\/hernando.carrizosa.co\/?author=1\">Admin<\/a><\/span><span class=\"published\">mayo 3, 2022<\/span><time class=\"updated\" datetime=\"2022-05-03T12:41:41-05:00\">mayo 3, 2022<\/time><\/div><\/div><a href=\"https:\/\/hernando.carrizosa.co\/?portfolio=bodegones-2\" target=\"_self\"><figure><div class=\"portfolio-img bg-deep-pink pofo-portfolio-page-background\"><img loading=\"lazy\" decoding=\"async\" class=\"skip-lazy\" src=\"https:\/\/i0.wp.com\/hernando.carrizosa.co\/wp-content\/uploads\/2022\/05\/BDA-square.webp?fit=800%2C650&#038;ssl=1\" width=\"800\" height=\"650\" alt=\"\" srcset=\"https:\/\/i0.wp.com\/hernando.carrizosa.co\/wp-content\/uploads\/2022\/05\/BDA-square.webp?w=800&amp;ssl=1 800w, https:\/\/i0.wp.com\/hernando.carrizosa.co\/wp-content\/uploads\/2022\/05\/BDA-square.webp?resize=300%2C244&amp;ssl=1 300w, https:\/\/i0.wp.com\/hernando.carrizosa.co\/wp-content\/uploads\/2022\/05\/BDA-square.webp?resize=768%2C624&amp;ssl=1 768w, https:\/\/i0.wp.com\/hernando.carrizosa.co\/wp-content\/uploads\/2022\/05\/BDA-square.webp?resize=120%2C98&amp;ssl=1 120w, https:\/\/i0.wp.com\/hernando.carrizosa.co\/wp-content\/uploads\/2022\/05\/BDA-square.webp?resize=81%2C66&amp;ssl=1 81w\" sizes=\"auto, (max-width: 800px) 100vw, 800px\"><\/div><figcaption><div class=\"text-left portfolio-hover-main\"><div class=\"vertical-align-bottom portfolio-hover-box\"><div class=\"portfolio-hover-content position-relative\"><div class=\"bg-black margin-20px-bottom separator-line-horrizontal-medium-light2 display-inline-block\"><\/div><span class=\"text-white line-height-normal alt-font margin-one-half-bottom display-block font-weight-600 text-uppercase\">Bodegones<\/span><\/div><\/div><\/div><\/figcaption><\/figure><\/a><\/li><li class=\"grid-item portfolio-filter-37-pofo-portfolio-1  wow fadeInUp\" data-wow-delay=\"500ms\"><div class=\"pofo-rich-snippet display-none post-23542 portfolio type-portfolio status-publish format-standard has-post-thumbnail hentry portfolio-category-category-1 portfolio-tags-test-tag-1\"><div class=\"pofo-rich-snippet display-none\"><span class=\"entry-title\">Splinth 3D<\/span><span class=\"author vcard\"><a class=\"url fn n\" href=\"https:\/\/hernando.carrizosa.co\/?author=1\">Admin<\/a><\/span><span class=\"published\">julio 21, 2022<\/span><time class=\"updated\" datetime=\"2025-04-19T00:04:14-05:00\">abril 19, 2025<\/time><\/div><\/div><a href=\"https:\/\/hernando.carrizosa.co\/?portfolio=splinth-2\" target=\"_self\"><figure><div class=\"portfolio-img bg-deep-pink pofo-portfolio-page-background\"><img loading=\"lazy\" decoding=\"async\" class=\"skip-lazy\" src=\"https:\/\/i0.wp.com\/hernando.carrizosa.co\/wp-content\/uploads\/2022\/07\/flor06d_800_650.webp?fit=800%2C650&#038;ssl=1\" width=\"800\" height=\"650\" alt=\"\" srcset=\"https:\/\/i0.wp.com\/hernando.carrizosa.co\/wp-content\/uploads\/2022\/07\/flor06d_800_650.webp?w=800&amp;ssl=1 800w, https:\/\/i0.wp.com\/hernando.carrizosa.co\/wp-content\/uploads\/2022\/07\/flor06d_800_650.webp?resize=300%2C244&amp;ssl=1 300w, https:\/\/i0.wp.com\/hernando.carrizosa.co\/wp-content\/uploads\/2022\/07\/flor06d_800_650.webp?resize=768%2C624&amp;ssl=1 768w, https:\/\/i0.wp.com\/hernando.carrizosa.co\/wp-content\/uploads\/2022\/07\/flor06d_800_650.webp?resize=120%2C98&amp;ssl=1 120w, https:\/\/i0.wp.com\/hernando.carrizosa.co\/wp-content\/uploads\/2022\/07\/flor06d_800_650.webp?resize=81%2C66&amp;ssl=1 81w\" sizes=\"auto, (max-width: 800px) 100vw, 800px\"><\/div><figcaption><div class=\"text-left portfolio-hover-main\"><div class=\"vertical-align-bottom portfolio-hover-box\"><div class=\"portfolio-hover-content position-relative\"><div class=\"bg-black margin-20px-bottom separator-line-horrizontal-medium-light2 display-inline-block\"><\/div><span class=\"text-white line-height-normal alt-font margin-one-half-bottom display-block font-weight-600 text-uppercase\">Splinth 3D<\/span><\/div><\/div><\/div><\/figcaption><\/figure><\/a><\/li><li class=\"grid-item portfolio-filter-37-pofo-portfolio-1  wow fadeInUp\" data-wow-delay=\"600ms\"><div class=\"pofo-rich-snippet display-none post-23561 portfolio type-portfolio status-publish format-standard has-post-thumbnail hentry portfolio-category-category-1 portfolio-tags-art portfolio-tags-arte portfolio-tags-avenida-profilactica portfolio-tags-ciudad portfolio-tags-gestualidad portfolio-tags-hernando-carrizosa portfolio-tags-paintings portfolio-tags-pinturas\"><div class=\"pofo-rich-snippet display-none\"><span class=\"entry-title\">Ca\u00f1eros<\/span><span class=\"author vcard\"><a class=\"url fn n\" href=\"https:\/\/hernando.carrizosa.co\/?author=1\">Admin<\/a><\/span><span class=\"published\">julio 23, 2022<\/span><time class=\"updated\" datetime=\"2022-07-24T09:26:07-05:00\">julio 24, 2022<\/time><\/div><\/div><a href=\"https:\/\/hernando.carrizosa.co\/?portfolio=caneros\" target=\"_self\"><figure><div class=\"portfolio-img bg-deep-pink pofo-portfolio-page-background\"><img loading=\"lazy\" decoding=\"async\" class=\"skip-lazy\" src=\"https:\/\/i0.wp.com\/hernando.carrizosa.co\/wp-content\/uploads\/2022\/07\/caneros.jpg?fit=800%2C650&#038;ssl=1\" width=\"800\" height=\"650\" alt=\"\" srcset=\"https:\/\/i0.wp.com\/hernando.carrizosa.co\/wp-content\/uploads\/2022\/07\/caneros.jpg?w=800&amp;ssl=1 800w, https:\/\/i0.wp.com\/hernando.carrizosa.co\/wp-content\/uploads\/2022\/07\/caneros.jpg?resize=300%2C244&amp;ssl=1 300w, https:\/\/i0.wp.com\/hernando.carrizosa.co\/wp-content\/uploads\/2022\/07\/caneros.jpg?resize=768%2C624&amp;ssl=1 768w, https:\/\/i0.wp.com\/hernando.carrizosa.co\/wp-content\/uploads\/2022\/07\/caneros.jpg?resize=120%2C98&amp;ssl=1 120w, https:\/\/i0.wp.com\/hernando.carrizosa.co\/wp-content\/uploads\/2022\/07\/caneros.jpg?resize=81%2C66&amp;ssl=1 81w\" sizes=\"auto, (max-width: 800px) 100vw, 800px\"><\/div><figcaption><div class=\"text-left portfolio-hover-main\"><div class=\"vertical-align-bottom portfolio-hover-box\"><div class=\"portfolio-hover-content position-relative\"><div class=\"bg-black margin-20px-bottom separator-line-horrizontal-medium-light2 display-inline-block\"><\/div><span class=\"text-white line-height-normal alt-font margin-one-half-bottom display-block font-weight-600 text-uppercase\">Ca\u00f1eros<\/span><\/div><\/div><\/div><\/figcaption><\/figure><\/a><\/li><\/ul><\/div><\/div><\/div><\/section><div class=\"vc_row-full-width vc_clearfix\"><\/div><section data-vc-full-width=\"true\" data-vc-full-width-init=\"false\" data-vc-stretch-content=\"true\" class=\"vc_row wpb_row vc_row-fluid border-top border-width-1 border-color-extra-light-gray vc_custom_1507625707347 wow fadeIn pofo-stretch-content\"><div class=\"wpb_column vc_column_container vc_col-sm-12  col-xs-mobile-fullwidth\"><div class=\"vc_column-inner \"><div class=\"wpb_wrapper\"><div class=\"last-paragraph-no-margin\"><div class=\"container\">\n<div class=\"row\">\n<div class=\"col-md-8 col-sm-12 col-xs-12 sm-margin-30px-bottom sm-text-center wow fadeInDown animated\" style=\"visibility: visible; animation-name: fadeInDown;\"><span class=\"alt-font text-extra-large text-extra-dark-gray margin-5px-top sm-no-margin-top display-inline-block width-100\">We would love to hear about start your new project?<\/span><\/div>\n<div class=\"col-md-4 col-sm-12 col-xs-12 sm-text-center wow fadeInDown animated\" style=\"visibility: visible; animation-name: fadeInDown;\"><a class=\"btn btn-medium btn-rounded btn-transparent-dark-gray\" href=\"https:\/\/pofo.themezaa.com\/contact-modern\/\" data-wow-delay=\"0.4s\">Start New Projects <i class=\"ti-arrow-right\" aria-hidden=\"true\"><\/i><\/a><\/div>\n<\/div>\n<\/div>\n<\/div><\/div><\/div><\/div><\/section><div class=\"vc_row-full-width vc_clearfix\"><\/div>\n<\/div>","protected":false},"excerpt":{"rendered":"Ca\u00f1erosCollection:OficiosSerie:Ca\u00f1erosMedium:Acr\u00edlico sobre lienzoDate:2015Se ve\u00eda llegar a la ciudad. Su vagabundeo pict\u00f3rico hab\u00eda trasegado por regiones rec\u00f3nditas, donde nos hab\u00eda recuperado a los sudorosos ca\u00f1eros, campesinos y personajes perdidos. Sus vigorosos dibujos estampaban estos personajes en toda su elegancia y vitalidad, con una mirada limpia y desprejudiciada. El HOMBRE a secas, protagonista de ese otro pa\u00eds marginado y casi ausente de la cultura cosmopolita y manoseado sin reposo por las ideolog\u00edas, reaparec\u00eda altivo en las pinturas y dibujos de Carrizosa: All\u00ed los ve\u00edamos trepidando sus machetes contra la ca\u00f1a, sac\u00e1ndose el sudor con su trapos rojos, bordeando las carreteras y silueteando crep\u00fasculos de regreso a casa, con paso altivo retornando al trabajo injusto de cada d\u00eda, cuerpos esbeltos de campesinos y campesinas, arrebatados de un paisaje desdibujado solo para exaltar una belleza simple y sin justificaciones, modelos de su propia elegancia y protagonistas de ese inagotable tema que aunque por fuera de ese gusto esteticista de muchos es inevitable: Sobrevivir. - RICARDO SUAREZ Acrilico sobre lienzo \/ Acrilic on chipboard \/ 170cm x 90 cm[vc_images_carousel images=\"23562,23563,23564,23565,23566,23567,23568,23569,23570,23571,23572,23573\" img_size=\"full\" speed=\"3000\" slides_per_view=\"3\" autoplay=\"yes\" partial_view=\"yes\" wrap=\"yes\" css=\".vc_custom_1658614034666{margin-top: 30px !important;margin-bottom: 30px !important;}\"]","protected":false},"author":1,"featured_media":0,"parent":0,"menu_order":0,"comment_status":"closed","ping_status":"closed","template":"","meta":{"footnotes":""},"class_list":["post-5637","page","type-page","status-publish","hentry"],"jetpack_sharing_enabled":true,"_links":{"self":[{"href":"https:\/\/hernando.carrizosa.co\/index.php?rest_route=\/wp\/v2\/pages\/5637","targetHints":{"allow":["GET"]}}],"collection":[{"href":"https:\/\/hernando.carrizosa.co\/index.php?rest_route=\/wp\/v2\/pages"}],"about":[{"href":"https:\/\/hernando.carrizosa.co\/index.php?rest_route=\/wp\/v2\/types\/page"}],"author":[{"embeddable":true,"href":"https:\/\/hernando.carrizosa.co\/index.php?rest_route=\/wp\/v2\/users\/1"}],"replies":[{"embeddable":true,"href":"https:\/\/hernando.carrizosa.co\/index.php?rest_route=%2Fwp%2Fv2%2Fcomments&post=5637"}],"version-history":[{"count":0,"href":"https:\/\/hernando.carrizosa.co\/index.php?rest_route=\/wp\/v2\/pages\/5637\/revisions"}],"wp:attachment":[{"href":"https:\/\/hernando.carrizosa.co\/index.php?rest_route=%2Fwp%2Fv2%2Fmedia&parent=5637"}],"curies":[{"name":"wp","href":"https:\/\/api.w.org\/{rel}","templated":true}]}}